{"id":3212,"date":"2023-10-19T06:01:45","date_gmt":"2023-10-19T04:01:45","guid":{"rendered":"https:\/\/www.cardshop.de\/?post_type=product&#038;p=3212"},"modified":"2023-10-31T09:20:50","modified_gmt":"2023-10-31T07:20:50","slug":"ajax-streetsiren-black","status":"publish","type":"product","link":"https:\/\/www.cardshop.de\/en\/shop\/alarm-video\/wireless-alarm-system\/ajax-streetsiren-black\/","title":{"rendered":"Ajax StreetSiren \u2014 Outdoor Siren (black)"},"content":{"rendered":"<p>Optisch-Akustische Sirene f\u00fcr den Au\u00dfenbereich mit einstellbarer Lautst\u00e4rke zwischen 85 und 113 dB. Die Funkreichweite zum Hub kann bis zu 2000 m betragen. Zuverl\u00e4ssige Funkkommunikation f\u00fcr Reichweiten bis zu 2000 Meter im freien Feld oder \u00fcber mehrere Etagen. Die Spannungsversorgung erfolgt entweder mit DC12V Netzteil oder Batteriebetrieben. Die Alarmdauer und Lautst\u00e4rke ist einstellbar. Das Geh\u00e4use ist sabotagegesch\u00fctzt und es es erfolgt eine sofortige Alarmierung bei Manipulationsversuchen und Wandabriss. Die Anwesenheits\u00fcberwachung des Moduls ist von 12-300 s einstellbar. Bidirektionale Funkkommunikation und bis zu 5 Jahre Batterielebensdauer. Der Batteriestand ist jederzeit abrufar. LED Zustandsanzeige (Scharf\/ Unscharf\/ Alarm). Schnelle Installation, Inbetriebnahme durch interaktive Anleitungen und komfortable Montageplatten. Die Signalqualit\u00e4t kann m\u00fchelos getestet und abgefragt werden.<\/p>\n<table class=\"table table-responsive table-bordered spec-table\">\n<thead>\n<tr>\n<th>SPECIFICATION<\/th>\n<th>MEANING<\/th>\n<\/tr>\n<\/thead>\n<tbody>\n<tr>\n<td>Stromversorgung<\/td>\n<td>4x CR123A 3 V<\/td>\n<\/tr>\n<tr>\n<td>Frequenzband<\/td>\n<td>868 MHZ<\/td>\n<\/tr>\n<tr>\n<td>Lautst\u00e4rke<\/td>\n<td>85 \u2014 113 dB<\/td>\n<\/tr>\n<tr>\n<td>Betriebstemperatur<\/td>\n<td>\u201420 \u00b0C \u2014 50 \u00b0C<\/td>\n<\/tr>\n<tr>\n<td>Abmessungen<\/td>\n<td>200 x 200 x 51 mm<\/td>\n<\/tr>\n<tr>\n<td>Gewicht<\/td>\n<td>502 g<\/td>\n<\/tr>\n<tr>\n<td>Schutzart<\/td>\n<td>IP54<\/td>\n<\/tr>\n<tr>\n<td>Luftfeuchtigkeit<\/td>\n<td>bis 95%<\/td>\n<\/tr>\n<tr>\n<td>Sicherheitsgrad<\/td>\n<td><\/td>\n<\/tr>\n<\/tbody>\n<\/table>\n","protected":false},"excerpt":{"rendered":"<p>Optisch-Akustische Sirene f\u00fcr den Au\u00dfenbereich mit einstellbarer Lautst\u00e4rke zwischen 85 und 113 dB. Die Funkreichweite zum Hub kann bis zu 2000 m betragen.<\/p>\n","protected":false},"featured_media":4545,"template":"","meta":{"_acf_changed":false,"site-sidebar-layout":"default","site-content-layout":"default","ast-global-header-display":"","ast-banner-title-visibility":"","ast-main-header-display":"","ast-hfb-above-header-display":"","ast-hfb-below-header-display":"","ast-hfb-mobile-header-display":"","site-post-title":"","ast-breadcrumbs-content":"","ast-featured-img":"","footer-sml-layout":"","theme-transparent-header-meta":"","adv-header-id-meta":"","stick-header-meta":"","header-above-stick-meta":"","header-main-stick-meta":"","header-below-stick-meta":""},"product_brand":[416],"product_cat":[138,346,343],"product_tag":[],"class_list":{"0":"post-3212","1":"product","2":"type-product","3":"status-publish","4":"has-post-thumbnail","6":"product_brand-ajax-en","7":"product_cat-alarm-video","8":"product_cat-signaler","9":"product_cat-wireless-alarm-system","10":"desktop-align-left","11":"tablet-align-left","12":"mobile-align-left","14":"first","15":"instock","16":"taxable","17":"shipping-taxable","18":"purchasable","19":"product-type-simple"},"acf":[],"_links":{"self":[{"href":"https:\/\/www.cardshop.de\/en\/wp-json\/wp\/v2\/product\/3212","targetHints":{"allow":["GET"]}}],"collection":[{"href":"https:\/\/www.cardshop.de\/en\/wp-json\/wp\/v2\/product"}],"about":[{"href":"https:\/\/www.cardshop.de\/en\/wp-json\/wp\/v2\/types\/product"}],"version-history":[{"count":0,"href":"https:\/\/www.cardshop.de\/en\/wp-json\/wp\/v2\/product\/3212\/revisions"}],"wp:featuredmedia":[{"embeddable":true,"href":"https:\/\/www.cardshop.de\/en\/wp-json\/wp\/v2\/media\/4545"}],"wp:attachment":[{"href":"https:\/\/www.cardshop.de\/en\/wp-json\/wp\/v2\/media?parent=3212"}],"wp:term":[{"taxonomy":"product_brand","embeddable":true,"href":"https:\/\/www.cardshop.de\/en\/wp-json\/wp\/v2\/product_brand?post=3212"},{"taxonomy":"product_cat","embeddable":true,"href":"https:\/\/www.cardshop.de\/en\/wp-json\/wp\/v2\/product_cat?post=3212"},{"taxonomy":"product_tag","embeddable":true,"href":"https:\/\/www.cardshop.de\/en\/wp-json\/wp\/v2\/product_tag?post=3212"}],"curies":[{"name":"wp","href":"https:\/\/api.w.org\/{rel}","templated":true}]}}