{"id":3221,"date":"2023-10-19T06:01:56","date_gmt":"2023-10-19T04:01:56","guid":{"rendered":"https:\/\/www.cardshop.de\/?post_type=product&#038;p=3221"},"modified":"2023-10-31T09:21:07","modified_gmt":"2023-10-31T07:21:07","slug":"ajax-motionprotect-plus-black","status":"publish","type":"product","link":"https:\/\/www.cardshop.de\/en\/shop\/alarm-video\/wireless-alarm-system\/ajax-motionprotect-plus-black\/","title":{"rendered":"Ajax MotionProtect Plus \u2014 PIR and Microwave Detectors (black)"},"content":{"rendered":"<p>Ajax Motion Protect erkennt fr\u00fchzeitig jeden Einbruchsversuch, reagiert jedoch unempfindlich gegen\u00fcber Haustieren und Luftzirkulationen durch Heizungen oder Klimager\u00e4te. Der Betrieb ist auch unter widrigen Bedingungen m\u00f6glich wie z.B. bei starkem Luftzug oder anderen W\u00e4rmequellen. Authentizierung des Melders zum Schutz vor T\u00e4uschungen und Alarmausl\u00f6sung nur bei Ansprechen beider Kan\u00e4le (Passiv Infrarot &#038; Mikrowelle).<\/p>\n","protected":false},"excerpt":{"rendered":"<p>Ajax Motion Protect erkennt fr\u00fchzeitig jeden Einbruchsversuch, reagiert jedoch unempfindlich gegen\u00fcber Haustieren und Luftzirkulationen durch Heizungen oder Klimager\u00e4te. Der Betrieb ist auch unter widrigen Bedingungen m\u00f6glich wie z.B. bei starkem Luftzug oder anderen W\u00e4rmequellen. Authentizierung des Melders zum Schutz vor T\u00e4uschungen und Alarmausl\u00f6sung nur bei Ansprechen beider Kan\u00e4le (Passiv Infrarot &#038; Mikrowelle).<\/p>\n","protected":false},"featured_media":4527,"template":"","meta":{"_acf_changed":false,"site-sidebar-layout":"default","site-content-layout":"default","ast-global-header-display":"","ast-banner-title-visibility":"","ast-main-header-display":"","ast-hfb-above-header-display":"","ast-hfb-below-header-display":"","ast-hfb-mobile-header-display":"","site-post-title":"","ast-breadcrumbs-content":"","ast-featured-img":"","footer-sml-layout":"","theme-transparent-header-meta":"","adv-header-id-meta":"","stick-header-meta":"","header-above-stick-meta":"","header-main-stick-meta":"","header-below-stick-meta":""},"product_brand":[416],"product_cat":[138,345,343],"product_tag":[],"class_list":{"0":"post-3221","1":"product","2":"type-product","3":"status-publish","4":"has-post-thumbnail","6":"product_brand-ajax-en","7":"product_cat-alarm-video","8":"product_cat-detectors","9":"product_cat-wireless-alarm-system","10":"desktop-align-left","11":"tablet-align-left","12":"mobile-align-left","14":"first","15":"instock","16":"taxable","17":"shipping-taxable","18":"purchasable","19":"product-type-simple"},"acf":[],"_links":{"self":[{"href":"https:\/\/www.cardshop.de\/en\/wp-json\/wp\/v2\/product\/3221","targetHints":{"allow":["GET"]}}],"collection":[{"href":"https:\/\/www.cardshop.de\/en\/wp-json\/wp\/v2\/product"}],"about":[{"href":"https:\/\/www.cardshop.de\/en\/wp-json\/wp\/v2\/types\/product"}],"version-history":[{"count":0,"href":"https:\/\/www.cardshop.de\/en\/wp-json\/wp\/v2\/product\/3221\/revisions"}],"wp:featuredmedia":[{"embeddable":true,"href":"https:\/\/www.cardshop.de\/en\/wp-json\/wp\/v2\/media\/4527"}],"wp:attachment":[{"href":"https:\/\/www.cardshop.de\/en\/wp-json\/wp\/v2\/media?parent=3221"}],"wp:term":[{"taxonomy":"product_brand","embeddable":true,"href":"https:\/\/www.cardshop.de\/en\/wp-json\/wp\/v2\/product_brand?post=3221"},{"taxonomy":"product_cat","embeddable":true,"href":"https:\/\/www.cardshop.de\/en\/wp-json\/wp\/v2\/product_cat?post=3221"},{"taxonomy":"product_tag","embeddable":true,"href":"https:\/\/www.cardshop.de\/en\/wp-json\/wp\/v2\/product_tag?post=3221"}],"curies":[{"name":"wp","href":"https:\/\/api.w.org\/{rel}","templated":true}]}}