{"id":3264,"date":"2023-10-20T05:47:29","date_gmt":"2023-10-20T03:47:29","guid":{"rendered":"https:\/\/www.cardshop.de\/?post_type=product&#038;p=3264"},"modified":"2023-10-31T09:21:16","modified_gmt":"2023-10-31T07:21:16","slug":"ajax-combiprotect-black","status":"publish","type":"product","link":"https:\/\/www.cardshop.de\/en\/shop\/alarm-video\/wireless-alarm-system\/ajax-combiprotect-black\/","title":{"rendered":"Ajax CombiProtect \u2014 Indoor Motion and Glass Break Detector (black)"},"content":{"rendered":"<p>Der Melder CombiProtect vereint die Eigenschaften eines intelligenten Bewegungmelders und eines zuverl\u00e4ssigen Glasbruchmelders. Diese kombinierte Variante erspart Geld bei der Anschaffung und Zeit bei der Installation. Zuverl\u00e4ssige Funkkommunikation f\u00fcr Reichweiten bis zu 2000 m im freien Feld oder \u00fcber mehrere Etagen. Erkennt Bewegungen bis zu 12 m und erkennt Glasbruch bis zu 9 m. Niedrige Stromaufnahme und effziente digitale Signalverarbeitung. Die Authentizierung des Melders zum Schutz vor T\u00e4uschung. Das Geh\u00e4use ist sabotagegesch\u00fctzt und die Anwesenheits\u00fcberwachung des Melder ist von 12-300 s einstellbar. Identizierung und Pr\u00e4vention vor Jamming. Drei Empfindlichkeitsstufen f\u00fcr jede Situation durch intelligente Signalverarbeitung werden Kleintiere bis 20kg ausgeblendet. Optische Linsen (FresnelTech) aus POLY IR4 Material und high-end Excelitas Pyrosensoren eliminieren Falschalarme durch Reflexionen oder elektromagnetische St\u00f6rungen. Digitale Temperaturkompensation erm\u00f6glicht sicheren Betrieb bei L\u00fcftern oder Klimager\u00e4ten. Die Zwei-Faktoren-Auswertung durch hohe und niedere akustische Frequenzen und die 2-Wege Kommunikation mit dem Hub erlaubt unkomplizierten Testmodus und kundenspezische Anpassung. Bis zu 7 Jahre Batterielebensdauer. Bequeme Installation durch komfortable Montageplatten und die Signalqualit\u00e4t und Erfassungsbereich k\u00f6nnen m\u00fchelos eingestellt werden. Die Anmeldung am Hub erfolgt durch Einscannen des individuellen QR-Codes. Die Integration der Ajax Funkmelder in Drittanbietersysteme ist jederzeit m\u00f6glich \u00fcber die Ajax Funkschnittstellen uartBridge und ocBridge\/ocBridge Plus.<\/p>\n<table class=\"table table-responsive table-bordered spec-table\">\n<thead>\n<tr>\n<th>SPECIFICATION<\/th>\n<th>MEANING<\/th>\n<\/tr>\n<\/thead>\n<tbody>\n<tr>\n<td>Stromversorgung<\/td>\n<td>1x CR123A 3 V<\/td>\n<\/tr>\n<tr>\n<td>Frequenzband<\/td>\n<td>868 MHZ<\/td>\n<\/tr>\n<tr>\n<td>Tierimmunit\u00e4t<\/td>\n<td>bis 50 cm &#038; 20 kg<\/td>\n<\/tr>\n<tr>\n<td>Betriebstemperatur<\/td>\n<td>0 \u00b0C \u2014 50 \u00b0C<\/td>\n<\/tr>\n<tr>\n<td>Abmessungen<\/td>\n<td>110 x 65 x 50 mm<\/td>\n<\/tr>\n<tr>\n<td>Glasbruch-\u00dcberwachung<\/td>\n<td>9 m<\/td>\n<\/tr>\n<tr>\n<td>\u00dcberwachung<\/td>\n<td>12 m | 88,5\u00b0 horizontal &#038; 80\u00b0 vertikal<\/td>\n<\/tr>\n<tr>\n<td>Luftfeuchtigkeit<\/td>\n<td>bis 80%<\/td>\n<\/tr>\n<\/tbody>\n<\/table>\n","protected":false},"excerpt":{"rendered":"<p>Der Melder CombiProtect vereint die Eigenschaften eines intelligenten Bewegungmelders und eines zuverl\u00e4ssigen Glasbruchmelders. Diese kombinierte Variante erspart Geld bei der Anschaffung und Zeit bei der Installation.<\/p>\n","protected":false},"featured_media":4528,"template":"","meta":{"_acf_changed":false,"site-sidebar-layout":"default","site-content-layout":"default","ast-global-header-display":"","ast-banner-title-visibility":"","ast-main-header-display":"","ast-hfb-above-header-display":"","ast-hfb-below-header-display":"","ast-hfb-mobile-header-display":"","site-post-title":"","ast-breadcrumbs-content":"","ast-featured-img":"","footer-sml-layout":"","theme-transparent-header-meta":"","adv-header-id-meta":"","stick-header-meta":"","header-above-stick-meta":"","header-main-stick-meta":"","header-below-stick-meta":""},"product_brand":[416],"product_cat":[138,345,343],"product_tag":[],"class_list":{"0":"post-3264","1":"product","2":"type-product","3":"status-publish","4":"has-post-thumbnail","6":"product_brand-ajax-en","7":"product_cat-alarm-video","8":"product_cat-detectors","9":"product_cat-wireless-alarm-system","10":"desktop-align-left","11":"tablet-align-left","12":"mobile-align-left","14":"first","15":"instock","16":"taxable","17":"shipping-taxable","18":"purchasable","19":"product-type-simple"},"acf":[],"_links":{"self":[{"href":"https:\/\/www.cardshop.de\/en\/wp-json\/wp\/v2\/product\/3264","targetHints":{"allow":["GET"]}}],"collection":[{"href":"https:\/\/www.cardshop.de\/en\/wp-json\/wp\/v2\/product"}],"about":[{"href":"https:\/\/www.cardshop.de\/en\/wp-json\/wp\/v2\/types\/product"}],"version-history":[{"count":0,"href":"https:\/\/www.cardshop.de\/en\/wp-json\/wp\/v2\/product\/3264\/revisions"}],"wp:featuredmedia":[{"embeddable":true,"href":"https:\/\/www.cardshop.de\/en\/wp-json\/wp\/v2\/media\/4528"}],"wp:attachment":[{"href":"https:\/\/www.cardshop.de\/en\/wp-json\/wp\/v2\/media?parent=3264"}],"wp:term":[{"taxonomy":"product_brand","embeddable":true,"href":"https:\/\/www.cardshop.de\/en\/wp-json\/wp\/v2\/product_brand?post=3264"},{"taxonomy":"product_cat","embeddable":true,"href":"https:\/\/www.cardshop.de\/en\/wp-json\/wp\/v2\/product_cat?post=3264"},{"taxonomy":"product_tag","embeddable":true,"href":"https:\/\/www.cardshop.de\/en\/wp-json\/wp\/v2\/product_tag?post=3264"}],"curies":[{"name":"wp","href":"https:\/\/api.w.org\/{rel}","templated":true}]}}