{"id":3274,"date":"2023-10-20T06:04:56","date_gmt":"2023-10-20T04:04:56","guid":{"rendered":"https:\/\/www.cardshop.de\/?post_type=product&#038;p=3274"},"modified":"2023-10-31T09:21:16","modified_gmt":"2023-10-31T07:21:16","slug":"ajax-doorprotect-white","status":"publish","type":"product","link":"https:\/\/www.cardshop.de\/en\/shop\/alarm-video\/wireless-alarm-system\/ajax-doorprotect-white\/","title":{"rendered":"Ajax DoorProtect \u2014 Magnetic contact for doors and windows (white)"},"content":{"rendered":"<p>Dank dieses formsch\u00f6nen Miniatur &#8220;high-end&#8221; Sensors, k\u00f6nnen Fenster, T\u00fcren und andere bewegliche Teile gesichert werden. Sobald der Magnet vom Sensor enfernt wird schl\u00e4gt der Melder Alarm. Der DoorProtect ist f\u00fcr \u00fcber 1 Mio. Schaltzyklen ausgelegt! Zuverl\u00e4ssige Funkkommunikation f\u00fcr Reichweiten bis zu 2000 Meter im freien Feld oder \u00fcber mehrere Etagen. Integrierter zus\u00e4tzlicher potentialfreier Kontakt. Der Reedkontakt ist f\u00fcr \u00fcber 1 Mio. Schaltzyklen ausgelegt. Die Integration der Ajax Funkmelder in Dritt anbietersysteme ist m\u00f6glich, \u00fcber Ajax Funk-Schnitt stellen uartBridge und ocBridge. Bequeme Installation durch komfortable Montageplatten. Leistungsstarker Magnet erm\u00f6glicht Schaltabst\u00e4nde zum Sensor bis zu 2cm. Signalqualit\u00e4t und Erfassungsbereich k\u00f6nnen m\u00fchelos getestet und eingestellt werden. Die Anmeldung am Hub ist durch Einscannen des individuellen QR-Codes sehr einfach.<\/p>\n<table class=\"table table-responsive table-bordered spec-table\">\n<thead>\n<tr>\n<th>SPECIFICATION<\/th>\n<th>MEANING<\/th>\n<\/tr>\n<\/thead>\n<tbody>\n<tr>\n<td>Stromversorgung<\/td>\n<td>1x CR123A 3 V<\/td>\n<\/tr>\n<tr>\n<td>Frequenzband<\/td>\n<td>868 MHZ<\/td>\n<\/tr>\n<tr>\n<td>Betriebstemperatur<\/td>\n<td>0 \u00b0C \u2014 50 \u00b0C<\/td>\n<\/tr>\n<tr>\n<td>Abmessungen<\/td>\n<td>\u00d8 20 x 90 mm<\/td>\n<\/tr>\n<tr>\n<td>Luftfeuchtigkeit<\/td>\n<td>bis 80%<\/td>\n<\/tr>\n<tr>\n<td>Sicherheitsgrad<\/td>\n<td><\/td>\n<\/tr>\n<\/tbody>\n<\/table>\n","protected":false},"excerpt":{"rendered":"<p>Dank dieses formsch\u00f6nen Miniatur \u201ehigh-end\u201c Sensors, k\u00f6nnen Fenster, T\u00fcren und andere bewegliche Teile gesichert werden. Sobald der Magnet vom Sensor enfernt wird schl\u00e4gt der Melder Alarm.<\/p>\n","protected":false},"featured_media":4556,"template":"","meta":{"_acf_changed":false,"site-sidebar-layout":"default","site-content-layout":"default","ast-global-header-display":"","ast-banner-title-visibility":"","ast-main-header-display":"","ast-hfb-above-header-display":"","ast-hfb-below-header-display":"","ast-hfb-mobile-header-display":"","site-post-title":"","ast-breadcrumbs-content":"","ast-featured-img":"","footer-sml-layout":"","theme-transparent-header-meta":"","adv-header-id-meta":"","stick-header-meta":"","header-above-stick-meta":"","header-main-stick-meta":"","header-below-stick-meta":""},"product_brand":[416],"product_cat":[138,344,343],"product_tag":[],"class_list":{"0":"post-3274","1":"product","2":"type-product","3":"status-publish","4":"has-post-thumbnail","6":"product_brand-ajax-en","7":"product_cat-alarm-video","8":"product_cat-magnetic-contact","9":"product_cat-wireless-alarm-system","10":"desktop-align-left","11":"tablet-align-left","12":"mobile-align-left","14":"first","15":"instock","16":"taxable","17":"shipping-taxable","18":"purchasable","19":"product-type-simple"},"acf":[],"_links":{"self":[{"href":"https:\/\/www.cardshop.de\/en\/wp-json\/wp\/v2\/product\/3274","targetHints":{"allow":["GET"]}}],"collection":[{"href":"https:\/\/www.cardshop.de\/en\/wp-json\/wp\/v2\/product"}],"about":[{"href":"https:\/\/www.cardshop.de\/en\/wp-json\/wp\/v2\/types\/product"}],"version-history":[{"count":0,"href":"https:\/\/www.cardshop.de\/en\/wp-json\/wp\/v2\/product\/3274\/revisions"}],"wp:featuredmedia":[{"embeddable":true,"href":"https:\/\/www.cardshop.de\/en\/wp-json\/wp\/v2\/media\/4556"}],"wp:attachment":[{"href":"https:\/\/www.cardshop.de\/en\/wp-json\/wp\/v2\/media?parent=3274"}],"wp:term":[{"taxonomy":"product_brand","embeddable":true,"href":"https:\/\/www.cardshop.de\/en\/wp-json\/wp\/v2\/product_brand?post=3274"},{"taxonomy":"product_cat","embeddable":true,"href":"https:\/\/www.cardshop.de\/en\/wp-json\/wp\/v2\/product_cat?post=3274"},{"taxonomy":"product_tag","embeddable":true,"href":"https:\/\/www.cardshop.de\/en\/wp-json\/wp\/v2\/product_tag?post=3274"}],"curies":[{"name":"wp","href":"https:\/\/api.w.org\/{rel}","templated":true}]}}