{"id":3279,"date":"2023-10-20T06:07:56","date_gmt":"2023-10-20T04:07:56","guid":{"rendered":"https:\/\/www.cardshop.de\/?post_type=product&#038;p=3279"},"modified":"2023-10-31T09:21:16","modified_gmt":"2023-10-31T07:21:16","slug":"ajax-fireprotect-white","status":"publish","type":"product","link":"https:\/\/www.cardshop.de\/en\/shop\/alarm-video\/wireless-alarm-system\/ajax-fireprotect-white\/","title":{"rendered":"Ajax FireProtect &#8211; Smoke and Heat Detector (white)"},"content":{"rendered":"<p>Durch Einbruch und Diebstahl verlieren viele tausend Menschen j\u00e4hrlich teuere Wertgegenst\u00e4nde, doch Feuer kann ganze Existenzen zerst\u00f6ren und sogar Menschenleben fordern! Daher empfehlen wir zu jeder Installation mindestens einen FireProtect Brandmelder. Diese Melder sind schnell und unkompliziert installiert und haben eine extrem langlebige Batterie.Optischer Rauch- und Thermosensor erm\u00f6glicht eine Alarmausl\u00f6sung bei ungew\u00f6hnlichem Anstieg der Temperatur, auch wenn noch keine gef\u00e4hrlich hohe Rauchkonzentration aufgetreten ist. Das Geh\u00e4use ist sabotagegesch\u00fctzt und die Anwesenheits\u00fcberwachung des Moduls kann von 12-300 s einstgestellt werden. Autonomer Betrieb ist auch ohne den Hub m\u00f6glich. Hohe Energieezienz, durch selbstregulierung der Sendeleistung\u00a0je nach Entfernung zum Hub und bis zu 5 Jahre Batterielebensdauer. Es erfolgt eine automatische Benachrichtigung an die Benutzer wenn der Melder gereinigt werden sollte. Die 2-Wege Kommunikation mit dem Hub erlaubt unkomplizierten Testmodus und kundenspezische Anpassungen. Integrierter 85 dB Summer f\u00fcr lokale Alarmierung und zuverl\u00e4ssige Funkkommunikation f\u00fcr Reichweiten bis zu 2000 Meter im freien Feld oder \u00fcber mehrere Etagen. Die bequeme Installation erfolgt durch komfortable Montageplatten und die Signalqualit\u00e4t und der Erfassungsbereich k\u00f6nnen m\u00fchelos eingestellt werden.<\/p>\n<table class=\"table table-responsive table-bordered spec-table\">\n<thead>\n<tr>\n<th>SPECIFICATION<\/th>\n<th>MEANING<\/th>\n<\/tr>\n<\/thead>\n<tbody>\n<tr>\n<td>Stromversorgung<\/td>\n<td>2x CR2 3 V<\/td>\n<\/tr>\n<tr>\n<td>Frequenzband<\/td>\n<td>868 MHZ<\/td>\n<\/tr>\n<tr>\n<td>Interne Sirene<\/td>\n<td>85 dB<\/td>\n<\/tr>\n<tr>\n<td>Betriebstemperatur<\/td>\n<td>20 \u00b0C \u2014 50 \u00b0C<\/td>\n<\/tr>\n<tr>\n<td>Abmessungen<\/td>\n<td>132 x 132 x 31 mm<\/td>\n<\/tr>\n<tr>\n<td>Hitzemelder reagiert ab<\/td>\n<td>60 \u00b0C<\/td>\n<\/tr>\n<tr>\n<td>Luftfeuchtigkeit<\/td>\n<td>bis 80%<\/td>\n<\/tr>\n<\/tbody>\n<\/table>\n","protected":false},"excerpt":{"rendered":"<p>Diese Melder sind schnell und unkompliziert installiert und haben eine extrem langlebige Batterie.Optischer Rauch- und Thermosensor erm\u00f6glicht eine Alarmausl\u00f6sung bei ungew\u00f6hnlichem Anstieg der Temperatur.<\/p>\n","protected":false},"featured_media":4562,"template":"","meta":{"_acf_changed":false,"site-sidebar-layout":"default","site-content-layout":"default","ast-global-header-display":"","ast-banner-title-visibility":"","ast-main-header-display":"","ast-hfb-above-header-display":"","ast-hfb-below-header-display":"","ast-hfb-mobile-header-display":"","site-post-title":"","ast-breadcrumbs-content":"","ast-featured-img":"","footer-sml-layout":"","theme-transparent-header-meta":"","adv-header-id-meta":"","stick-header-meta":"","header-above-stick-meta":"","header-main-stick-meta":"","header-below-stick-meta":""},"product_brand":[416],"product_cat":[138,345,343],"product_tag":[],"class_list":{"0":"post-3279","1":"product","2":"type-product","3":"status-publish","4":"has-post-thumbnail","6":"product_brand-ajax-en","7":"product_cat-alarm-video","8":"product_cat-detectors","9":"product_cat-wireless-alarm-system","10":"desktop-align-left","11":"tablet-align-left","12":"mobile-align-left","14":"first","15":"instock","16":"taxable","17":"shipping-taxable","18":"purchasable","19":"product-type-simple"},"acf":[],"_links":{"self":[{"href":"https:\/\/www.cardshop.de\/en\/wp-json\/wp\/v2\/product\/3279","targetHints":{"allow":["GET"]}}],"collection":[{"href":"https:\/\/www.cardshop.de\/en\/wp-json\/wp\/v2\/product"}],"about":[{"href":"https:\/\/www.cardshop.de\/en\/wp-json\/wp\/v2\/types\/product"}],"version-history":[{"count":0,"href":"https:\/\/www.cardshop.de\/en\/wp-json\/wp\/v2\/product\/3279\/revisions"}],"wp:featuredmedia":[{"embeddable":true,"href":"https:\/\/www.cardshop.de\/en\/wp-json\/wp\/v2\/media\/4562"}],"wp:attachment":[{"href":"https:\/\/www.cardshop.de\/en\/wp-json\/wp\/v2\/media?parent=3279"}],"wp:term":[{"taxonomy":"product_brand","embeddable":true,"href":"https:\/\/www.cardshop.de\/en\/wp-json\/wp\/v2\/product_brand?post=3279"},{"taxonomy":"product_cat","embeddable":true,"href":"https:\/\/www.cardshop.de\/en\/wp-json\/wp\/v2\/product_cat?post=3279"},{"taxonomy":"product_tag","embeddable":true,"href":"https:\/\/www.cardshop.de\/en\/wp-json\/wp\/v2\/product_tag?post=3279"}],"curies":[{"name":"wp","href":"https:\/\/api.w.org\/{rel}","templated":true}]}}