{"id":3286,"date":"2023-10-20T06:16:56","date_gmt":"2023-10-20T04:16:56","guid":{"rendered":"https:\/\/www.cardshop.de\/?post_type=product&#038;p=3286"},"modified":"2023-10-31T09:21:24","modified_gmt":"2023-10-31T07:21:24","slug":"ajax-glassprotect-black","status":"publish","type":"product","link":"https:\/\/www.cardshop.de\/en\/shop\/alarm-video\/wireless-alarm-system\/ajax-glassprotect-black\/","title":{"rendered":"Ajax GlassProtect \u2014 Glass Break Detector (black)"},"content":{"rendered":"<p>Dieser Miniaturmelder kann mehrere Fenster gleichzeitig auf Glasbruch \u00fcberwachen, auch bei gro\u00dfer Entfernung zum Hub. Die sogenannte Zwei-Faktoren-Auswertung minimiert Fehlalarme durch zerbrochenes Porzellan oder Geschirr. Zuverl\u00e4ssige Kommunikation f\u00fcr Reichweiten bis zu 2000 m im freien Feld oder \u00fcber mehrere Etagen. Der Sensor erkennt Glasbruch bis zu 9 m und ein zus\u00e4tzlicher potentialfreier Eingang zur Schaltung externer Sensoren ist ebenfalls vorhanden. Die Integration der Ajax Funkmelder in Drittanbietersysteme ist jederzeit m\u00f6glich \u00fcber die Ajax Funk-Schnittstellen uartBridge und ocBridge\/ocBridge Plus. Das Geh\u00e4use ist sabotagegesch\u00fctzt und die Anwesenheits\u00fcberwachung des Melders ist von 12-300 s einstellbar. Durch intelligente Signalverarbeitung werden Kleintiere bis 20kg ausgeblendet. Die optischen Linsen (FresnelTech) aus POLY IR4 Material und high-end Excelitas Pyrosensoren eliminieren (durch Reflexionen oder elektromagnetische St\u00f6rungen hervorgerufene) Fehlalarme. Die digitale Temperaturkompensation erm\u00f6glicht einen sicheren Betrieb auch bei L\u00fcftern oder Klimager\u00e4ten. Die 2-Wege Kommunikation mit dem Hub erlaubt unkomplizierten Testmodus und kundenspezische Anpassung. bei bis zu 7 Jahren Batterielebensdauer. Die Anmeldung am Hub erfolt durch Einscannen des individuellen QR-Codes. Nach dem derzeitigem Stand der Technik, ist der Ajax GlasProtect der kleinste Glasbruchmelder der Welt.<\/p>\n<table class=\"table table-responsive table-bordered spec-table\">\n<thead>\n<tr>\n<th>SPECIFICATION<\/th>\n<th>MEANING<\/th>\n<\/tr>\n<\/thead>\n<tbody>\n<tr>\n<td>Stromversorgung<\/td>\n<td>1x CR123A 3 V<\/td>\n<\/tr>\n<tr>\n<td>Frequenzband<\/td>\n<td>868 MHZ<\/td>\n<\/tr>\n<tr>\n<td>\u00dcberwachung<\/td>\n<td>9 m | 180 \u00b0<\/td>\n<\/tr>\n<tr>\n<td>Betriebstemperatur<\/td>\n<td>0 \u00b0C \u2014 50 \u00b0C<\/td>\n<\/tr>\n<tr>\n<td>Abmessungen<\/td>\n<td>\u00d8 20 x 90 mm<\/td>\n<\/tr>\n<tr>\n<td>Luftfeuchtigkeit<\/td>\n<td>bis 90 %<\/td>\n<\/tr>\n<tr>\n<td>Sicherheitsgrad<\/td>\n<td><\/td>\n<\/tr>\n<\/tbody>\n<\/table>\n","protected":false},"excerpt":{"rendered":"<p>Dieser Miniaturmelder kann mehrere Fenster gleichzeitig auf Glasbruch \u00fcberwachen, auch bei gro\u00dfer Entfernung zum Hub. Die sogenannte Zwei-Faktoren-Auswertung minimiert Fehlalarme durch zerbrochenes Porzellan oder Geschirr.<\/p>\n","protected":false},"featured_media":4574,"template":"","meta":{"_acf_changed":false,"site-sidebar-layout":"default","site-content-layout":"default","ast-global-header-display":"","ast-banner-title-visibility":"","ast-main-header-display":"","ast-hfb-above-header-display":"","ast-hfb-below-header-display":"","ast-hfb-mobile-header-display":"","site-post-title":"","ast-breadcrumbs-content":"","ast-featured-img":"","footer-sml-layout":"","theme-transparent-header-meta":"","adv-header-id-meta":"","stick-header-meta":"","header-above-stick-meta":"","header-main-stick-meta":"","header-below-stick-meta":""},"product_brand":[416],"product_cat":[138,345,343],"product_tag":[],"class_list":{"0":"post-3286","1":"product","2":"type-product","3":"status-publish","4":"has-post-thumbnail","6":"product_brand-ajax-en","7":"product_cat-alarm-video","8":"product_cat-detectors","9":"product_cat-wireless-alarm-system","10":"desktop-align-left","11":"tablet-align-left","12":"mobile-align-left","14":"first","15":"instock","16":"taxable","17":"shipping-taxable","18":"purchasable","19":"product-type-simple"},"acf":[],"_links":{"self":[{"href":"https:\/\/www.cardshop.de\/en\/wp-json\/wp\/v2\/product\/3286","targetHints":{"allow":["GET"]}}],"collection":[{"href":"https:\/\/www.cardshop.de\/en\/wp-json\/wp\/v2\/product"}],"about":[{"href":"https:\/\/www.cardshop.de\/en\/wp-json\/wp\/v2\/types\/product"}],"version-history":[{"count":0,"href":"https:\/\/www.cardshop.de\/en\/wp-json\/wp\/v2\/product\/3286\/revisions"}],"wp:featuredmedia":[{"embeddable":true,"href":"https:\/\/www.cardshop.de\/en\/wp-json\/wp\/v2\/media\/4574"}],"wp:attachment":[{"href":"https:\/\/www.cardshop.de\/en\/wp-json\/wp\/v2\/media?parent=3286"}],"wp:term":[{"taxonomy":"product_brand","embeddable":true,"href":"https:\/\/www.cardshop.de\/en\/wp-json\/wp\/v2\/product_brand?post=3286"},{"taxonomy":"product_cat","embeddable":true,"href":"https:\/\/www.cardshop.de\/en\/wp-json\/wp\/v2\/product_cat?post=3286"},{"taxonomy":"product_tag","embeddable":true,"href":"https:\/\/www.cardshop.de\/en\/wp-json\/wp\/v2\/product_tag?post=3286"}],"curies":[{"name":"wp","href":"https:\/\/api.w.org\/{rel}","templated":true}]}}