{"id":3300,"date":"2023-10-20T07:25:18","date_gmt":"2023-10-20T05:25:18","guid":{"rendered":"https:\/\/www.cardshop.de\/?post_type=product&#038;p=3300"},"modified":"2023-10-31T09:21:24","modified_gmt":"2023-10-31T07:21:24","slug":"ajax-hub-plus-white","status":"publish","type":"product","link":"https:\/\/www.cardshop.de\/en\/shop\/alarm-video\/wireless-alarm-system\/ajax-hub-plus-white\/","title":{"rendered":"Ajax Hub Plus &#8211; Wireless Alarm System (white)"},"content":{"rendered":"<p>AJAX Hub die intelligente Alarmzentrale f\u00fcr Einsteiger. Die Ajax-Hub \u00fcberwacht und kontrolliert alle angeschlossenen Ger\u00e4te im kabelosen Netzwerk und sammelt entsprechende Daten. Der Hub analysiert damit anstehende Bedrohungen, wertet sie aus und gibt Alarmmeldungen aus. Zus\u00e4tzliche Schutzfunktionen gegen Sabotage machen den Ajax-Hub nahezu unangreifbar.<\/p>\n<table class=\"table table-responsive table-bordered spec-table\">\n<thead>\n<tr>\n<th>SPECIFICATION<\/th>\n<th>MEANING<\/th>\n<\/tr>\n<\/thead>\n<tbody>\n<tr>\n<td>Stromversorgung<\/td>\n<td>110 \u2014 250 VAC<\/td>\n<\/tr>\n<tr>\n<td>Frequenzband<\/td>\n<td>868 MHZ<\/td>\n<\/tr>\n<tr>\n<td>Verbindung<\/td>\n<td>GSM (850\/900\/1800\/1900 MHz), Ethernet<\/td>\n<\/tr>\n<tr>\n<td>Benutzer<\/td>\n<td>10<\/td>\n<\/tr>\n<tr>\n<td>Akku<\/td>\n<td>2 Ah<\/td>\n<\/tr>\n<tr>\n<td>Betriebstemperatur<\/td>\n<td>0 \u00b0C \u2014 50 \u00b0C<\/td>\n<\/tr>\n<tr>\n<td>Abmessungen<\/td>\n<td>162,7 x 162,7 x 35,9 mm<\/td>\n<\/tr>\n<tr>\n<td>Module:<\/td>\n<td>bis zu 100<\/td>\n<\/tr>\n<tr>\n<td>Sicherheitsgrad<\/td>\n<td><\/td>\n<\/tr>\n<\/tbody>\n<\/table>\n","protected":false},"excerpt":{"rendered":"<p>AJAX Hub die intelligente Alarmzentrale f\u00fcr Einsteiger. Die Ajax-Hub \u00fcberwacht und kontrolliert alle angeschlossenen Ger\u00e4te im kabelosen Netzwerk und sammelt entsprechende Daten. Der Hub analysiert damit anstehende Bedrohungen, wertet sie aus und gibt Alarmmeldungen aus. Zus\u00e4tzliche Schutzfunktionen gegen Sabotage machen den Ajax-Hub nahezu unangreifbar.<\/p>\n","protected":false},"featured_media":4578,"template":"","meta":{"_acf_changed":false,"site-sidebar-layout":"default","site-content-layout":"default","ast-global-header-display":"","ast-banner-title-visibility":"","ast-main-header-display":"","ast-hfb-above-header-display":"","ast-hfb-below-header-display":"","ast-hfb-mobile-header-display":"","site-post-title":"","ast-breadcrumbs-content":"","ast-featured-img":"","footer-sml-layout":"","theme-transparent-header-meta":"","adv-header-id-meta":"","stick-header-meta":"","header-above-stick-meta":"","header-main-stick-meta":"","header-below-stick-meta":""},"product_brand":[416],"product_cat":[138,347,343],"product_tag":[],"class_list":{"0":"post-3300","1":"product","2":"type-product","3":"status-publish","4":"has-post-thumbnail","6":"product_brand-ajax-en","7":"product_cat-alarm-video","8":"product_cat-exchange","9":"product_cat-wireless-alarm-system","10":"desktop-align-left","11":"tablet-align-left","12":"mobile-align-left","14":"first","15":"instock","16":"taxable","17":"shipping-taxable","18":"purchasable","19":"product-type-simple"},"acf":[],"_links":{"self":[{"href":"https:\/\/www.cardshop.de\/en\/wp-json\/wp\/v2\/product\/3300","targetHints":{"allow":["GET"]}}],"collection":[{"href":"https:\/\/www.cardshop.de\/en\/wp-json\/wp\/v2\/product"}],"about":[{"href":"https:\/\/www.cardshop.de\/en\/wp-json\/wp\/v2\/types\/product"}],"version-history":[{"count":0,"href":"https:\/\/www.cardshop.de\/en\/wp-json\/wp\/v2\/product\/3300\/revisions"}],"wp:featuredmedia":[{"embeddable":true,"href":"https:\/\/www.cardshop.de\/en\/wp-json\/wp\/v2\/media\/4578"}],"wp:attachment":[{"href":"https:\/\/www.cardshop.de\/en\/wp-json\/wp\/v2\/media?parent=3300"}],"wp:term":[{"taxonomy":"product_brand","embeddable":true,"href":"https:\/\/www.cardshop.de\/en\/wp-json\/wp\/v2\/product_brand?post=3300"},{"taxonomy":"product_cat","embeddable":true,"href":"https:\/\/www.cardshop.de\/en\/wp-json\/wp\/v2\/product_cat?post=3300"},{"taxonomy":"product_tag","embeddable":true,"href":"https:\/\/www.cardshop.de\/en\/wp-json\/wp\/v2\/product_tag?post=3300"}],"curies":[{"name":"wp","href":"https:\/\/api.w.org\/{rel}","templated":true}]}}