{"id":3305,"date":"2023-10-20T07:28:44","date_gmt":"2023-10-20T05:28:44","guid":{"rendered":"https:\/\/www.cardshop.de\/?post_type=product&#038;p=3305"},"modified":"2023-10-31T09:21:24","modified_gmt":"2023-10-31T07:21:24","slug":"ajax-leaksprotect-black","status":"publish","type":"product","link":"https:\/\/www.cardshop.de\/en\/shop\/alarm-video\/wireless-alarm-system\/ajax-leaksprotect-black\/","title":{"rendered":"Ajax LeaksProtect \u2014 Water Leak Detector (black)"},"content":{"rendered":"<p>Der LeaksProtect Wassermelder schl\u00e4gt sofort Alarm, wenn an irgendeinem Ort unbemerkt Wasser austritt. Typische Einsatzorte sind Waschk\u00fcchen, Kellerr\u00e4ume, K\u00fcchen und B\u00e4der. Der LeaksProtect ist extrem langlebig und stoppt automatisch den Alarm bei abtrocknen des Wassers.Zuverl\u00e4ssige Funkkommunikation f\u00fcr Reichweiten bis zu 1000 Meter im freien Feld oder \u00fcber mehrere Etagen und sofortige Erkennung von Fl\u00fcssigkeiten. Das Geh\u00e4use ist komplett \u00a0wasserdicht mit versiegelten Kontakten gegen Korrosion.Das Geh\u00e4use ist sabotagegesch\u00fctzt und benachrichtigt bei unerwarteter Standort\u00e4nderung durch einen integrierten Vibrationssensor. Optisches Alarmsignal am Melder. Der Alarm wird sofort gestoppt bei abtrocknen. Die 2-Wege Kommunikation mit dem Hub erlaubt unkomplizierten Testmodus und kundenspezische Anpassungen. Hohe Energieezienz durch selbstregulierung der Sendeleistung\u00a0je nach Entfernung zum Hub mit bis zu 5 Jahre Batterielebensdauer. Die Signalqualit\u00e4t kann m\u00fchelos aus der Ferne getestet werden. Die Anmeldung am Hub erfolgt durch Einscannen des individuellen QR-Codes.<\/p>\n<table class=\"table table-responsive table-bordered spec-table\">\n<thead>\n<tr>\n<th>SPECIFICATION<\/th>\n<th>MEANING<\/th>\n<\/tr>\n<\/thead>\n<tbody>\n<tr>\n<td>Stromversorgung<\/td>\n<td>2x AAA<\/td>\n<\/tr>\n<tr>\n<td>Frequenzband<\/td>\n<td>868 MHZ<\/td>\n<\/tr>\n<tr>\n<td>Betriebstemperatur<\/td>\n<td>0 \u00b0C \u2014 50 \u00b0C<\/td>\n<\/tr>\n<tr>\n<td>Abmessungen<\/td>\n<td>60 x 60 x 14 mm<\/td>\n<\/tr>\n<tr>\n<td>Luftfeuchtigkeit<\/td>\n<td>bis 100%<\/td>\n<\/tr>\n<\/tbody>\n<\/table>\n","protected":false},"excerpt":{"rendered":"<p>Der LeaksProtect Wassermelder schl\u00e4gt sofort Alarm, wenn an irgendeinem Ort unbemerkt Wasser austritt. Typische Einsatzorte sind Waschk\u00fcchen, Kellerr\u00e4ume, K\u00fcchen und B\u00e4der. Der LeaksProtect ist extrem langlebig und stoppt automatisch den Alarm bei abtrocknen des Wassers.<\/p>\n","protected":false},"featured_media":4524,"template":"","meta":{"_acf_changed":false,"site-sidebar-layout":"default","site-content-layout":"default","ast-global-header-display":"","ast-banner-title-visibility":"","ast-main-header-display":"","ast-hfb-above-header-display":"","ast-hfb-below-header-display":"","ast-hfb-mobile-header-display":"","site-post-title":"","ast-breadcrumbs-content":"","ast-featured-img":"","footer-sml-layout":"","theme-transparent-header-meta":"","adv-header-id-meta":"","stick-header-meta":"","header-above-stick-meta":"","header-main-stick-meta":"","header-below-stick-meta":""},"product_brand":[416],"product_cat":[138,345,343],"product_tag":[],"class_list":{"0":"post-3305","1":"product","2":"type-product","3":"status-publish","4":"has-post-thumbnail","6":"product_brand-ajax-en","7":"product_cat-alarm-video","8":"product_cat-detectors","9":"product_cat-wireless-alarm-system","10":"desktop-align-left","11":"tablet-align-left","12":"mobile-align-left","14":"first","15":"instock","16":"taxable","17":"shipping-taxable","18":"purchasable","19":"product-type-simple"},"acf":[],"_links":{"self":[{"href":"https:\/\/www.cardshop.de\/en\/wp-json\/wp\/v2\/product\/3305","targetHints":{"allow":["GET"]}}],"collection":[{"href":"https:\/\/www.cardshop.de\/en\/wp-json\/wp\/v2\/product"}],"about":[{"href":"https:\/\/www.cardshop.de\/en\/wp-json\/wp\/v2\/types\/product"}],"version-history":[{"count":0,"href":"https:\/\/www.cardshop.de\/en\/wp-json\/wp\/v2\/product\/3305\/revisions"}],"wp:featuredmedia":[{"embeddable":true,"href":"https:\/\/www.cardshop.de\/en\/wp-json\/wp\/v2\/media\/4524"}],"wp:attachment":[{"href":"https:\/\/www.cardshop.de\/en\/wp-json\/wp\/v2\/media?parent=3305"}],"wp:term":[{"taxonomy":"product_brand","embeddable":true,"href":"https:\/\/www.cardshop.de\/en\/wp-json\/wp\/v2\/product_brand?post=3305"},{"taxonomy":"product_cat","embeddable":true,"href":"https:\/\/www.cardshop.de\/en\/wp-json\/wp\/v2\/product_cat?post=3305"},{"taxonomy":"product_tag","embeddable":true,"href":"https:\/\/www.cardshop.de\/en\/wp-json\/wp\/v2\/product_tag?post=3305"}],"curies":[{"name":"wp","href":"https:\/\/api.w.org\/{rel}","templated":true}]}}